{"id":3,"date":"2025-05-09T12:01:12","date_gmt":"2025-05-09T12:01:12","guid":{"rendered":"http:\/\/www.allacrosarona.com\/?page_id=3"},"modified":"2025-06-19T15:32:00","modified_gmt":"2025-06-19T15:32:00","slug":"privacy-policy","status":"publish","type":"page","link":"https:\/\/www.allacrosarona.com\/index.php\/privacy-policy\/","title":{"rendered":"Privacy Policy"},"content":{"rendered":"\t\t<div data-elementor-type=\"wp-page\" data-elementor-id=\"3\" class=\"elementor elementor-3\" data-elementor-post-type=\"page\">\n\t\t\t\t<div class=\"elementor-element elementor-element-18281c7 e-flex e-con-boxed e-con e-parent\" data-id=\"18281c7\" data-element_type=\"container\" data-e-type=\"container\" data-settings=\"{&quot;background_background&quot;:&quot;classic&quot;}\">\n\t\t\t\t\t<div class=\"e-con-inner\">\n\t\t\t\t\t<\/div>\n\t\t\t\t<\/div>\n\t\t<div class=\"elementor-element elementor-element-5f013ec7 e-flex e-con-boxed e-con e-parent\" data-id=\"5f013ec7\" data-element_type=\"container\" data-e-type=\"container\">\n\t\t\t\t\t<div class=\"e-con-inner\">\n\t\t\t\t<div class=\"elementor-element elementor-element-7ba4fe32 elementor-widget elementor-widget-text-editor\" data-id=\"7ba4fe32\" data-element_type=\"widget\" data-e-type=\"widget\" data-widget_type=\"text-editor.default\">\n\t\t\t\t<div class=\"elementor-widget-container\">\n\t\t\t\t\t\t\t\t\t\n<h1 class=\"wp-block-heading\"><b>Privacy Policy<\/b><\/h1>\n<p class=\"p3\"><span class=\"s2\"><b>Ultimo aggiornamento:<\/b><\/span> [04\/06\/25]<\/p>\n<p class=\"p3\">Questa informativa \u00e8 resa ai sensi del Regolamento UE 2016\/679 (GDPR) a tutti gli utenti che interagiscono con i servizi web del sito <a href=\"https:\/\/allacrosarona.com\">https:\/\/allacrosarona.com<\/a>.<\/p>\n<h2><b>1. <\/b><b>Titolare del trattamento<\/b><\/h2>\n<p class=\"p4\"><b>Alla Crosarona S.r.l.<\/b><b><\/b><\/p>\n<p class=\"p3\"><span class=\"s2\"><b>Sede legale:<\/b><\/span> Via Castellana, 136 \u2013 30037 Scorz\u00e8 (VE)<\/p>\n<p class=\"p3\"><span class=\"s2\"><b>Telefono:<\/b><\/span> +39 041 447796<\/p>\n<p class=\"p3\"><span class=\"s2\"><b>Email:<\/b><\/span> <a href=\"mailto:info@allacrosarona.com\">info@allacrosarona.com<\/a><\/p>\n<p class=\"p3\"><span class=\"s2\"><b>Partita IVA:<\/b><\/span> 00377370275<span class=\"Apple-converted-space\">\u00a0 <\/span><\/p>\n<h2><b>2. <\/b><b>Tipi di dati raccolti<\/b><\/h2>\n<p class=\"p3\">Tramite questo sito possono essere raccolti i seguenti dati:<\/p>\n<ul>\n<li>\n<p class=\"p1\"><span class=\"s1\"><b>Dati anagrafici<\/b><\/span>: nome, cognome<\/p>\n<\/li>\n<li>\n<p class=\"p1\"><span class=\"s1\"><b>Dati di contatto<\/b><\/span>: email, numero di telefono<\/p>\n<\/li>\n<li>\n<p class=\"p1\"><span class=\"s1\"><b>Dati di navigazione<\/b><\/span>: indirizzo IP, tipo di browser, sistema operativo, tempi di accesso, pagine visitate<\/p>\n<\/li>\n<li>\n<p class=\"p1\"><span class=\"s1\"><b>Dati forniti volontariamente<\/b><\/span>: tramite form di contatto o invio email<\/p>\n<\/li>\n<\/ul>\n<h2><b>3. <\/b><b>Finalit\u00e0 del trattamento<\/b><\/h2>\n<p class=\"p3\">I dati raccolti sono trattati per le seguenti finalit\u00e0:<\/p>\n<ul>\n<li>\n<p class=\"p1\">Rispondere a richieste inviate tramite il modulo contatti<\/p>\n<\/li>\n<li>\n<p class=\"p1\">Fornire assistenza o informazioni sui servizi del ristorante<\/p>\n<\/li>\n<li>\n<p class=\"p1\">Gestione di prenotazioni ed eventi (se richiesto)<\/p>\n<\/li>\n<li>\n<p class=\"p1\">Invio di newsletter o comunicazioni promozionali (previo consenso)<\/p>\n<\/li>\n<li>\n<p class=\"p1\">Analisi statistiche anonime (es. Google Analytics)<\/p>\n<\/li>\n<li>\n<p class=\"p1\">Adempiere obblighi legali e regolamentari<\/p>\n<\/li>\n<\/ul>\n<h2><b>4. <\/b><b>Base giuridica del trattamento<\/b><\/h2>\n<p class=\"p3\">I dati sono trattati sulla base:<\/p>\n<ul>\n<li>\n<p class=\"p1\">del consenso dell\u2019interessato (art. 6, lett. a GDPR)<\/p>\n<\/li>\n<li>\n<p class=\"p1\">dell\u2019esecuzione di misure precontrattuali o contrattuali (art. 6, lett. b GDPR)<\/p>\n<\/li>\n<li>\n<p class=\"p1\">dell\u2019obbligo legale (art. 6, lett. c GDPR)<\/p>\n<\/li>\n<\/ul>\n<h2><b>5. <\/b><b>Modalit\u00e0 di trattamento<\/b><\/h2>\n<p class=\"p3\">Il trattamento dei dati avviene mediante strumenti informatici e\/o manuali, con logiche strettamente correlate alle finalit\u00e0 indicate e comunque in modo da garantire la sicurezza e la riservatezza dei dati.<\/p>\n<h2><b>6. <\/b><b>Comunicazione e diffusione dei dati<\/b><\/h2>\n<p class=\"p3\">I dati raccolti non saranno mai diffusi. Potranno essere comunicati a:<\/p>\n<ul>\n<li>\n<p class=\"p1\">Fornitori di servizi informatici e hosting<\/p>\n<\/li>\n<li>\n<p class=\"p1\">Consulenti contabili o legali (solo se necessario)<\/p>\n<\/li>\n<li>\n<p class=\"p1\">Autorit\u00e0 competenti in caso di obblighi di legge<\/p>\n<\/li>\n<\/ul>\n<p class=\"p3\">Tutti i soggetti terzi operano in qualit\u00e0 di <span class=\"s2\"><b>Responsabili del trattamento<\/b><\/span> ai sensi dell\u2019art. 28 del GDPR.<\/p>\n<h2><b>7. <\/b><b>Trasferimento dei dati extra-UE<\/b><\/h2>\n<p class=\"p3\">Il sito pu\u00f2 utilizzare servizi (es. Google Analytics, newsletter via Mailchimp) che comportano trasferimento di dati fuori dall\u2019Unione Europea. In tali casi, il trasferimento avviene nel rispetto delle garanzie previste dagli articoli 44 e seguenti del GDPR (es. clausole contrattuali standard).<\/p>\n<h2><b>8. <\/b><b>Durata di conservazione dei dati<\/b><\/h2>\n<p class=\"p3\">I dati saranno conservati per il tempo necessario a raggiungere le finalit\u00e0 per cui sono stati raccolti, salvo periodi pi\u00f9 lunghi imposti da obblighi di legge. Per finalit\u00e0 di marketing, i dati saranno conservati fino a revoca del consenso.<\/p>\n<h2><b>9. <\/b><b>Diritti dell\u2019interessato<\/b><\/h2>\n<p class=\"p3\">Ai sensi degli artt. 15-22 del GDPR, l\u2019interessato ha il diritto di:<\/p>\n<ul>\n<li>\n<p class=\"p1\">Accedere ai propri dati<\/p>\n<\/li>\n<li>\n<p class=\"p1\">Richiederne la rettifica o la cancellazione<\/p>\n<\/li>\n<li>\n<p class=\"p1\">Limitare o opporsi al trattamento<\/p>\n<\/li>\n<li>\n<p class=\"p1\">Revocare il consenso in qualsiasi momento<\/p>\n<\/li>\n<li>\n<p class=\"p1\">Proporre reclamo al Garante per la Protezione dei Dati Personali<\/p>\n<\/li>\n<\/ul>\n<p class=\"p3\">Per esercitare i propri diritti, scrivere a: <a href=\"mailto:info@allacrosarona.com\">info@allacrosarona.com<\/a><\/p>\n<h2><b>10. <\/b><b>Cookie Policy<\/b><\/h2>\n<p class=\"p3\">Il sito utilizza cookie tecnici e, previo consenso, anche cookie analitici e di profilazione. Per maggiori informazioni si rimanda alla <span class=\"s2\"><b>Cookie Policy<\/b><\/span>.<\/p>\t\t\t\t\t\t\t\t<\/div>\n\t\t\t\t<\/div>\n\t\t\t\t\t<\/div>\n\t\t\t\t<\/div>\n\t\t\t\t<\/div>\n\t\t","protected":false},"excerpt":{"rendered":"<p>Privacy Policy Ultimo aggiornamento: [04\/06\/25] Questa informativa \u00e8 resa ai sensi del Regolamento UE 2016\/679 (GDPR) a tutti gli utenti che interagiscono con i servizi web del sito https:\/\/allacrosarona.com. 1. Titolare del trattamento Alla Crosarona S.r.l. Sede legale: Via Castellana, 136 \u2013 30037 Scorz\u00e8 (VE) Telefono: +39 041 447796 Email: info@allacrosarona.com Partita IVA: 00377370275\u00a0 2. [&hellip;]<\/p>\n","protected":false},"author":1,"featured_media":0,"parent":0,"menu_order":0,"comment_status":"closed","ping_status":"closed","template":"","meta":{"footnotes":""},"class_list":["post-3","page","type-page","status-publish","hentry"],"_links":{"self":[{"href":"https:\/\/www.allacrosarona.com\/index.php\/wp-json\/wp\/v2\/pages\/3","targetHints":{"allow":["GET"]}}],"collection":[{"href":"https:\/\/www.allacrosarona.com\/index.php\/wp-json\/wp\/v2\/pages"}],"about":[{"href":"https:\/\/www.allacrosarona.com\/index.php\/wp-json\/wp\/v2\/types\/page"}],"author":[{"embeddable":true,"href":"https:\/\/www.allacrosarona.com\/index.php\/wp-json\/wp\/v2\/users\/1"}],"replies":[{"embeddable":true,"href":"https:\/\/www.allacrosarona.com\/index.php\/wp-json\/wp\/v2\/comments?post=3"}],"version-history":[{"count":13,"href":"https:\/\/www.allacrosarona.com\/index.php\/wp-json\/wp\/v2\/pages\/3\/revisions"}],"predecessor-version":[{"id":799,"href":"https:\/\/www.allacrosarona.com\/index.php\/wp-json\/wp\/v2\/pages\/3\/revisions\/799"}],"wp:attachment":[{"href":"https:\/\/www.allacrosarona.com\/index.php\/wp-json\/wp\/v2\/media?parent=3"}],"curies":[{"name":"wp","href":"https:\/\/api.w.org\/{rel}","templated":true}]}}